{"id":7966,"date":"2026-02-24T11:48:03","date_gmt":"2026-02-24T10:48:03","guid":{"rendered":"https:\/\/bashkiamirdite.gov.al\/?page_id=7966"},"modified":"2026-04-17T21:24:56","modified_gmt":"2026-04-17T19:24:56","slug":"proces-verbalet-e-mbledhjes-se-keshillit-bashkiak-viti-2026","status":"publish","type":"page","link":"https:\/\/bashkiamirdite.gov.al\/?page_id=7966","title":{"rendered":"Proces-Verbalet e Mbledhjes s\u00eb K\u00ebshillit Bashkiak, (Viti 2026)"},"content":{"rendered":"<ul>\n<li><strong><a href=\"https:\/\/bashkiamirdite.gov.al\/wp-content\/uploads\/2026\/04\/Proces-Verbal-i-mbledhjes-te-Keshillit-Bashkiak-Date-19-Mars-2026.pdf\"> Proces-Verbal i Mbledhjes s\u00eb K\u00ebshillit (Mars 2026)<\/a><\/strong><\/li>\n<li><strong><a href=\"https:\/\/bashkiamirdite.gov.al\/wp-content\/uploads\/2026\/03\/Proces-Verbali-Shkurt-2026.pdf\">Proces-Verbal i Mbledhjes s\u00eb K\u00ebshillit (Shkurt 2026)<\/a><\/strong><\/li>\n<li><strong><a href=\"https:\/\/bashkiamirdite.gov.al\/wp-content\/uploads\/2026\/02\/Proces-Verbali-Janar-2026.pdf\">Proces-Verbal i Mbledhjes s\u00eb K\u00ebshillit (Janar 2026)<\/a><\/strong><\/li>\n<\/ul>\n","protected":false},"excerpt":{"rendered":"<p>Proces-Verbal i Mbledhjes s\u00eb K\u00ebshillit (Mars 2026) Proces-Verbal i Mbledhjes s\u00eb K\u00ebshillit (Shkurt 2026) Proces-Verbal i Mbledhjes s\u00eb K\u00ebshillit (Janar 2026)<\/p>\n","protected":false},"author":2,"featured_media":0,"parent":0,"menu_order":0,"comment_status":"closed","ping_status":"closed","template":"","meta":[],"_links":{"self":[{"href":"https:\/\/bashkiamirdite.gov.al\/index.php?rest_route=\/wp\/v2\/pages\/7966"}],"collection":[{"href":"https:\/\/bashkiamirdite.gov.al\/index.php?rest_route=\/wp\/v2\/pages"}],"about":[{"href":"https:\/\/bashkiamirdite.gov.al\/index.php?rest_route=\/wp\/v2\/types\/page"}],"author":[{"embeddable":true,"href":"https:\/\/bashkiamirdite.gov.al\/index.php?rest_route=\/wp\/v2\/users\/2"}],"replies":[{"embeddable":true,"href":"https:\/\/bashkiamirdite.gov.al\/index.php?rest_route=%2Fwp%2Fv2%2Fcomments&post=7966"}],"version-history":[{"count":4,"href":"https:\/\/bashkiamirdite.gov.al\/index.php?rest_route=\/wp\/v2\/pages\/7966\/revisions"}],"predecessor-version":[{"id":8088,"href":"https:\/\/bashkiamirdite.gov.al\/index.php?rest_route=\/wp\/v2\/pages\/7966\/revisions\/8088"}],"wp:attachment":[{"href":"https:\/\/bashkiamirdite.gov.al\/index.php?rest_route=%2Fwp%2Fv2%2Fmedia&parent=7966"}],"curies":[{"name":"wp","href":"https:\/\/api.w.org\/{rel}","templated":true}]}}