{"id":7986,"date":"2026-03-05T09:20:33","date_gmt":"2026-03-05T08:20:33","guid":{"rendered":"https:\/\/bashkiamirdite.gov.al\/?page_id=7986"},"modified":"2026-03-05T09:20:33","modified_gmt":"2026-03-05T08:20:33","slug":"regjistri-i-kerkesave-dhe-pergjigjeve-2026","status":"publish","type":"page","link":"https:\/\/bashkiamirdite.gov.al\/?page_id=7986","title":{"rendered":"Regjistri i K\u00ebrkesave dhe P\u00ebrgjigjeve 2026"},"content":{"rendered":"<ul>\n<li><strong><a href=\"https:\/\/bashkiamirdite.gov.al\/wp-content\/uploads\/2026\/03\/Shkurt-2026.pdf\">Regjistri i K\u00ebrkesave dhe P\u00ebrgjigjeve, Shkurt 2026<\/a><\/strong><\/li>\n<li><strong><a href=\"https:\/\/bashkiamirdite.gov.al\/wp-content\/uploads\/2026\/03\/Janar-2026.pdf\">Regjistri i K\u00ebrkesave dhe P\u00ebrgjigjeve, Janar 2026<\/a><\/strong><\/li>\n<\/ul>\n","protected":false},"excerpt":{"rendered":"<p>Regjistri i K\u00ebrkesave dhe P\u00ebrgjigjeve, Shkurt 2026 Regjistri i K\u00ebrkesave dhe P\u00ebrgjigjeve, Janar 2026<\/p>\n","protected":false},"author":2,"featured_media":0,"parent":0,"menu_order":0,"comment_status":"closed","ping_status":"closed","template":"","meta":[],"_links":{"self":[{"href":"https:\/\/bashkiamirdite.gov.al\/index.php?rest_route=\/wp\/v2\/pages\/7986"}],"collection":[{"href":"https:\/\/bashkiamirdite.gov.al\/index.php?rest_route=\/wp\/v2\/pages"}],"about":[{"href":"https:\/\/bashkiamirdite.gov.al\/index.php?rest_route=\/wp\/v2\/types\/page"}],"author":[{"embeddable":true,"href":"https:\/\/bashkiamirdite.gov.al\/index.php?rest_route=\/wp\/v2\/users\/2"}],"replies":[{"embeddable":true,"href":"https:\/\/bashkiamirdite.gov.al\/index.php?rest_route=%2Fwp%2Fv2%2Fcomments&post=7986"}],"version-history":[{"count":1,"href":"https:\/\/bashkiamirdite.gov.al\/index.php?rest_route=\/wp\/v2\/pages\/7986\/revisions"}],"predecessor-version":[{"id":7990,"href":"https:\/\/bashkiamirdite.gov.al\/index.php?rest_route=\/wp\/v2\/pages\/7986\/revisions\/7990"}],"wp:attachment":[{"href":"https:\/\/bashkiamirdite.gov.al\/index.php?rest_route=%2Fwp%2Fv2%2Fmedia&parent=7986"}],"curies":[{"name":"wp","href":"https:\/\/api.w.org\/{rel}","templated":true}]}}